{"id":16,"date":"2020-01-02T12:15:08","date_gmt":"2020-01-02T09:15:08","guid":{"rendered":"http:\/\/demo.safirtema.com\/maya\/?page_id=16"},"modified":"2020-01-07T09:37:36","modified_gmt":"2020-01-07T06:37:36","slug":"cozum-ortaklari","status":"publish","type":"page","link":"https:\/\/volkanhaliyikama.com\/index.php\/cozum-ortaklari\/","title":{"rendered":"\u00c7\u00f6z\u00fcm Ortaklar\u0131"},"content":{"rendered":"\n<figure class=\"wp-block-gallery columns-3 is-cropped wp-block-gallery-1 is-layout-flex wp-block-gallery-is-layout-flex\"><ul class=\"blocks-gallery-grid\"><li class=\"blocks-gallery-item\"><figure><img loading=\"lazy\" decoding=\"async\" width=\"300\" height=\"72\" src=\"https:\/\/volkanhaliyikama.com\/wp-content\/uploads\/2020\/01\/arcelik.png\" alt=\"\" data-id=\"41\" data-full-url=\"https:\/\/volkanhaliyikama.com\/wp-content\/uploads\/2020\/01\/arcelik.png\" data-link=\"https:\/\/volkanhaliyikama.com\/?attachment_id=41\" class=\"wp-image-41\"\/><\/figure><\/li><li class=\"blocks-gallery-item\"><figure><img loading=\"lazy\" decoding=\"async\" width=\"300\" height=\"62\" src=\"https:\/\/volkanhaliyikama.com\/wp-content\/uploads\/2020\/01\/borcam.png\" alt=\"\" data-id=\"42\" data-full-url=\"https:\/\/volkanhaliyikama.com\/wp-content\/uploads\/2020\/01\/borcam.png\" data-link=\"https:\/\/volkanhaliyikama.com\/?attachment_id=42\" class=\"wp-image-42\"\/><\/figure><\/li><li class=\"blocks-gallery-item\"><figure><img loading=\"lazy\" decoding=\"async\" width=\"300\" height=\"98\" src=\"https:\/\/volkanhaliyikama.com\/wp-content\/uploads\/2020\/01\/delonghi.png\" alt=\"\" data-id=\"43\" data-full-url=\"https:\/\/volkanhaliyikama.com\/wp-content\/uploads\/2020\/01\/delonghi.png\" data-link=\"https:\/\/volkanhaliyikama.com\/?attachment_id=43\" class=\"wp-image-43\"\/><\/figure><\/li><li class=\"blocks-gallery-item\"><figure><img loading=\"lazy\" decoding=\"async\" width=\"300\" height=\"55\" src=\"https:\/\/volkanhaliyikama.com\/wp-content\/uploads\/2020\/01\/hotpoint.png\" alt=\"\" data-id=\"44\" data-full-url=\"https:\/\/volkanhaliyikama.com\/wp-content\/uploads\/2020\/01\/hotpoint.png\" data-link=\"https:\/\/volkanhaliyikama.com\/?attachment_id=44\" class=\"wp-image-44\"\/><\/figure><\/li><li class=\"blocks-gallery-item\"><figure><img loading=\"lazy\" decoding=\"async\" width=\"300\" height=\"72\" src=\"https:\/\/volkanhaliyikama.com\/wp-content\/uploads\/2020\/01\/jen.png\" alt=\"\" data-id=\"45\" data-full-url=\"https:\/\/volkanhaliyikama.com\/wp-content\/uploads\/2020\/01\/jen.png\" data-link=\"https:\/\/volkanhaliyikama.com\/?attachment_id=45\" class=\"wp-image-45\"\/><\/figure><\/li><li class=\"blocks-gallery-item\"><figure><img loading=\"lazy\" decoding=\"async\" width=\"300\" height=\"113\" src=\"https:\/\/volkanhaliyikama.com\/wp-content\/uploads\/2020\/01\/karaca.png\" alt=\"\" data-id=\"46\" data-full-url=\"https:\/\/volkanhaliyikama.com\/wp-content\/uploads\/2020\/01\/karaca.png\" data-link=\"https:\/\/volkanhaliyikama.com\/?attachment_id=46\" class=\"wp-image-46\"\/><\/figure><\/li><li class=\"blocks-gallery-item\"><figure><img loading=\"lazy\" decoding=\"async\" width=\"300\" height=\"48\" src=\"https:\/\/volkanhaliyikama.com\/wp-content\/uploads\/2020\/01\/kutahya.png\" alt=\"\" data-id=\"47\" data-full-url=\"https:\/\/volkanhaliyikama.com\/wp-content\/uploads\/2020\/01\/kutahya.png\" data-link=\"https:\/\/volkanhaliyikama.com\/?attachment_id=47\" class=\"wp-image-47\"\/><\/figure><\/li><li class=\"blocks-gallery-item\"><figure><img loading=\"lazy\" decoding=\"async\" width=\"300\" height=\"54\" src=\"https:\/\/volkanhaliyikama.com\/wp-content\/uploads\/2020\/01\/pasabahce.png\" alt=\"\" data-id=\"48\" data-full-url=\"https:\/\/volkanhaliyikama.com\/wp-content\/uploads\/2020\/01\/pasabahce.png\" data-link=\"https:\/\/volkanhaliyikama.com\/?attachment_id=48\" class=\"wp-image-48\"\/><\/figure><\/li><li class=\"blocks-gallery-item\"><figure><img loading=\"lazy\" decoding=\"async\" width=\"300\" height=\"48\" src=\"https:\/\/volkanhaliyikama.com\/wp-content\/uploads\/2020\/01\/siemens.png\" alt=\"\" data-id=\"49\" data-full-url=\"https:\/\/volkanhaliyikama.com\/wp-content\/uploads\/2020\/01\/siemens.png\" data-link=\"https:\/\/volkanhaliyikama.com\/?attachment_id=49\" class=\"wp-image-49\"\/><\/figure><\/li><\/ul><\/figure>\n","protected":false},"excerpt":{"rendered":"","protected":false},"author":1,"featured_media":0,"parent":0,"menu_order":0,"comment_status":"closed","ping_status":"closed","template":"pages\/page-references.php","meta":{"footnotes":""},"class_list":["post-16","page","type-page","status-publish","hentry"],"_links":{"self":[{"href":"https:\/\/volkanhaliyikama.com\/index.php\/wp-json\/wp\/v2\/pages\/16","targetHints":{"allow":["GET"]}}],"collection":[{"href":"https:\/\/volkanhaliyikama.com\/index.php\/wp-json\/wp\/v2\/pages"}],"about":[{"href":"https:\/\/volkanhaliyikama.com\/index.php\/wp-json\/wp\/v2\/types\/page"}],"author":[{"embeddable":true,"href":"https:\/\/volkanhaliyikama.com\/index.php\/wp-json\/wp\/v2\/users\/1"}],"replies":[{"embeddable":true,"href":"https:\/\/volkanhaliyikama.com\/index.php\/wp-json\/wp\/v2\/comments?post=16"}],"version-history":[{"count":5,"href":"https:\/\/volkanhaliyikama.com\/index.php\/wp-json\/wp\/v2\/pages\/16\/revisions"}],"predecessor-version":[{"id":270,"href":"https:\/\/volkanhaliyikama.com\/index.php\/wp-json\/wp\/v2\/pages\/16\/revisions\/270"}],"wp:attachment":[{"href":"https:\/\/volkanhaliyikama.com\/index.php\/wp-json\/wp\/v2\/media?parent=16"}],"curies":[{"name":"wp","href":"https:\/\/api.w.org\/{rel}","templated":true}]}}